{"id":22889,"date":"2025-07-25T14:22:27","date_gmt":"2025-07-25T12:22:27","guid":{"rendered":"https:\/\/chimiver.com\/?post_type=product&#038;p=22889"},"modified":"2025-07-30T16:29:28","modified_gmt":"2025-07-30T14:29:28","slug":"finitura-uv-r74","status":"publish","type":"product","link":"https:\/\/chimiver.com\/fr\/prodotto\/finitura-uv-r74\/","title":{"rendered":"FINITURA UV R74"},"content":{"rendered":"<p>Produit monocomposant photo-activ\u00e9 \u00e0 base de sp\u00e9cial r\u00e9sines acryliques utilis\u00e9es comme couche de finition \u00e0 effet mat; appliqu\u00e9e \u00e0 rouleau pour le vernissage de planchers en bois, de meubles, de portes et de panneaux. Il est caract\u00e9ris\u00e9 par une excellente duret\u00e9, dilatation thermique, uniformit\u00e9 et flexibilit\u00e9. Version acc\u00e9l\u00e9r\u00e9e pour augmenter la r\u00e9activit\u00e9 \u00e0 faible \u00e9paisseur.<\/p>\n","protected":false},"excerpt":{"rendered":"Vernis UV \u00e0 base de sp\u00e9cial r\u00e9sines acryliques","protected":false},"featured_media":18262,"comment_status":"open","ping_status":"closed","template":"","meta":{"_acf_changed":false,"inline_featured_image":false},"product_brand":[],"product_cat":[835,847,848],"product_tag":[],"class_list":{"0":"post-22889","1":"product","2":"type-product","3":"status-publish","4":"has-post-thumbnail","6":"product_cat-industrie","7":"product_cat-produits-uv-line","8":"product_cat-produits-uv-line-fr","10":"first","11":"instock","12":"shipping-taxable","13":"product-type-simple","14":"add-to-wishlist-after_add_to_cart"},"acf":[],"yoast_head":"<!-- This site is optimized with the Yoast SEO plugin v26.2 - https:\/\/yoast.com\/wordpress\/plugins\/seo\/ -->\n<title>Vernis pour parquet - FINITURA UV R74<\/title>\n<meta name=\"description\" content=\"D\u00e9couvreFINITURA UV R74 Industrie, Produits UV-Line, Produits UV-Line. Produit monocomposant photo-activ\u00e9 \u00e0 base de sp\u00e9cial r\u00e9sines acryliques pou parquet\" \/>\n<meta name=\"robots\" content=\"index, follow, max-snippet:-1, max-image-preview:large, max-video-preview:-1\" \/>\n<link rel=\"canonical\" href=\"https:\/\/chimiver.com\/fr\/prodotto\/finitura-uv-r74\/\" \/>\n<meta property=\"og:locale\" content=\"fr_FR\" \/>\n<meta property=\"og:type\" content=\"article\" \/>\n<meta property=\"og:title\" content=\"Vernis pour parquet - FINITURA UV R74\" \/>\n<meta property=\"og:description\" content=\"D\u00e9couvreFINITURA UV R74 Industrie, Produits UV-Line, Produits UV-Line. Produit monocomposant photo-activ\u00e9 \u00e0 base de sp\u00e9cial r\u00e9sines acryliques pou parquet\" \/>\n<meta property=\"og:url\" content=\"https:\/\/chimiver.com\/fr\/prodotto\/finitura-uv-r74\/\" \/>\n<meta property=\"og:site_name\" content=\"Chimiver\" \/>\n<meta property=\"article:publisher\" content=\"https:\/\/www.facebook.com\/chimiver\" \/>\n<meta property=\"article:modified_time\" content=\"2025-07-30T14:29:28+00:00\" \/>\n<meta property=\"og:image\" content=\"https:\/\/chimiver.com\/wp-content\/uploads\/2024\/03\/LATTA-SOLVENTE-25-INDUSTRIA.jpg\" \/>\n\t<meta property=\"og:image:width\" content=\"640\" \/>\n\t<meta property=\"og:image:height\" content=\"640\" \/>\n\t<meta property=\"og:image:type\" content=\"image\/jpeg\" \/>\n<meta name=\"twitter:card\" content=\"summary_large_image\" \/>\n<meta name=\"twitter:label1\" content=\"Dur\u00e9e de lecture estim\u00e9e\" \/>\n\t<meta name=\"twitter:data1\" content=\"1 minute\" \/>\n<script type=\"application\/ld+json\" class=\"yoast-schema-graph\">{\"@context\":\"https:\/\/schema.org\",\"@graph\":[{\"@type\":\"WebPage\",\"@id\":\"https:\/\/chimiver.com\/fr\/prodotto\/finitura-uv-r74\/\",\"url\":\"https:\/\/chimiver.com\/fr\/prodotto\/finitura-uv-r74\/\",\"name\":\"Vernis pour parquet - FINITURA UV R74\",\"isPartOf\":{\"@id\":\"https:\/\/chimiver.com\/fr\/#website\"},\"primaryImageOfPage\":{\"@id\":\"https:\/\/chimiver.com\/fr\/prodotto\/finitura-uv-r74\/#primaryimage\"},\"image\":{\"@id\":\"https:\/\/chimiver.com\/fr\/prodotto\/finitura-uv-r74\/#primaryimage\"},\"thumbnailUrl\":\"https:\/\/chimiver.com\/wp-content\/uploads\/2024\/03\/LATTA-SOLVENTE-25-INDUSTRIA.jpg\",\"datePublished\":\"2025-07-25T12:22:27+00:00\",\"dateModified\":\"2025-07-30T14:29:28+00:00\",\"description\":\"D\u00e9couvreFINITURA UV R74 Industrie, Produits UV-Line, Produits UV-Line. Produit monocomposant photo-activ\u00e9 \u00e0 base de sp\u00e9cial r\u00e9sines acryliques pou parquet\",\"breadcrumb\":{\"@id\":\"https:\/\/chimiver.com\/fr\/prodotto\/finitura-uv-r74\/#breadcrumb\"},\"inLanguage\":\"fr-FR\",\"potentialAction\":[{\"@type\":\"ReadAction\",\"target\":[\"https:\/\/chimiver.com\/fr\/prodotto\/finitura-uv-r74\/\"]}]},{\"@type\":\"ImageObject\",\"inLanguage\":\"fr-FR\",\"@id\":\"https:\/\/chimiver.com\/fr\/prodotto\/finitura-uv-r74\/#primaryimage\",\"url\":\"https:\/\/chimiver.com\/wp-content\/uploads\/2024\/03\/LATTA-SOLVENTE-25-INDUSTRIA.jpg\",\"contentUrl\":\"https:\/\/chimiver.com\/wp-content\/uploads\/2024\/03\/LATTA-SOLVENTE-25-INDUSTRIA.jpg\",\"width\":640,\"height\":640},{\"@type\":\"BreadcrumbList\",\"@id\":\"https:\/\/chimiver.com\/fr\/prodotto\/finitura-uv-r74\/#breadcrumb\",\"itemListElement\":[{\"@type\":\"ListItem\",\"position\":1,\"name\":\"Home\",\"item\":\"https:\/\/chimiver.com\/fr\/\"},{\"@type\":\"ListItem\",\"position\":2,\"name\":\"Shop\",\"item\":\"https:\/\/chimiver.com\/?page_id=10\"},{\"@type\":\"ListItem\",\"position\":3,\"name\":\"FINITURA UV R74\"}]},{\"@type\":\"WebSite\",\"@id\":\"https:\/\/chimiver.com\/fr\/#website\",\"url\":\"https:\/\/chimiver.com\/fr\/\",\"name\":\"Chimiver, Your floors partner\",\"description\":\"Your floors partner\",\"publisher\":{\"@id\":\"https:\/\/chimiver.com\/fr\/#organization\"},\"alternateName\":\"Chimiver\",\"potentialAction\":[{\"@type\":\"SearchAction\",\"target\":{\"@type\":\"EntryPoint\",\"urlTemplate\":\"https:\/\/chimiver.com\/fr\/?s={search_term_string}\"},\"query-input\":{\"@type\":\"PropertyValueSpecification\",\"valueRequired\":true,\"valueName\":\"search_term_string\"}}],\"inLanguage\":\"fr-FR\"},{\"@type\":\"Organization\",\"@id\":\"https:\/\/chimiver.com\/fr\/#organization\",\"name\":\"Chimiver\",\"url\":\"https:\/\/chimiver.com\/fr\/\",\"logo\":{\"@type\":\"ImageObject\",\"inLanguage\":\"fr-FR\",\"@id\":\"https:\/\/chimiver.com\/fr\/#\/schema\/logo\/image\/\",\"url\":\"https:\/\/chimiver.com\/wp-content\/uploads\/2022\/06\/Chimiver_500x500.jpg\",\"contentUrl\":\"https:\/\/chimiver.com\/wp-content\/uploads\/2022\/06\/Chimiver_500x500.jpg\",\"width\":500,\"height\":500,\"caption\":\"Chimiver\"},\"image\":{\"@id\":\"https:\/\/chimiver.com\/fr\/#\/schema\/logo\/image\/\"},\"sameAs\":[\"https:\/\/www.facebook.com\/chimiver\"]}]}<\/script>\n<!-- \/ Yoast SEO plugin. -->","yoast_head_json":{"title":"Vernis pour parquet - FINITURA UV R74","description":"D\u00e9couvreFINITURA UV R74 Industrie, Produits UV-Line, Produits UV-Line. Produit monocomposant photo-activ\u00e9 \u00e0 base de sp\u00e9cial r\u00e9sines acryliques pou parquet","robots":{"index":"index","follow":"follow","max-snippet":"max-snippet:-1","max-image-preview":"max-image-preview:large","max-video-preview":"max-video-preview:-1"},"canonical":"https:\/\/chimiver.com\/fr\/prodotto\/finitura-uv-r74\/","og_locale":"fr_FR","og_type":"article","og_title":"Vernis pour parquet - FINITURA UV R74","og_description":"D\u00e9couvreFINITURA UV R74 Industrie, Produits UV-Line, Produits UV-Line. Produit monocomposant photo-activ\u00e9 \u00e0 base de sp\u00e9cial r\u00e9sines acryliques pou parquet","og_url":"https:\/\/chimiver.com\/fr\/prodotto\/finitura-uv-r74\/","og_site_name":"Chimiver","article_publisher":"https:\/\/www.facebook.com\/chimiver","article_modified_time":"2025-07-30T14:29:28+00:00","og_image":[{"width":640,"height":640,"url":"https:\/\/chimiver.com\/wp-content\/uploads\/2024\/03\/LATTA-SOLVENTE-25-INDUSTRIA.jpg","type":"image\/jpeg"}],"twitter_card":"summary_large_image","twitter_misc":{"Dur\u00e9e de lecture estim\u00e9e":"1 minute"},"schema":{"@context":"https:\/\/schema.org","@graph":[{"@type":"WebPage","@id":"https:\/\/chimiver.com\/fr\/prodotto\/finitura-uv-r74\/","url":"https:\/\/chimiver.com\/fr\/prodotto\/finitura-uv-r74\/","name":"Vernis pour parquet - FINITURA UV R74","isPartOf":{"@id":"https:\/\/chimiver.com\/fr\/#website"},"primaryImageOfPage":{"@id":"https:\/\/chimiver.com\/fr\/prodotto\/finitura-uv-r74\/#primaryimage"},"image":{"@id":"https:\/\/chimiver.com\/fr\/prodotto\/finitura-uv-r74\/#primaryimage"},"thumbnailUrl":"https:\/\/chimiver.com\/wp-content\/uploads\/2024\/03\/LATTA-SOLVENTE-25-INDUSTRIA.jpg","datePublished":"2025-07-25T12:22:27+00:00","dateModified":"2025-07-30T14:29:28+00:00","description":"D\u00e9couvreFINITURA UV R74 Industrie, Produits UV-Line, Produits UV-Line. Produit monocomposant photo-activ\u00e9 \u00e0 base de sp\u00e9cial r\u00e9sines acryliques pou parquet","breadcrumb":{"@id":"https:\/\/chimiver.com\/fr\/prodotto\/finitura-uv-r74\/#breadcrumb"},"inLanguage":"fr-FR","potentialAction":[{"@type":"ReadAction","target":["https:\/\/chimiver.com\/fr\/prodotto\/finitura-uv-r74\/"]}]},{"@type":"ImageObject","inLanguage":"fr-FR","@id":"https:\/\/chimiver.com\/fr\/prodotto\/finitura-uv-r74\/#primaryimage","url":"https:\/\/chimiver.com\/wp-content\/uploads\/2024\/03\/LATTA-SOLVENTE-25-INDUSTRIA.jpg","contentUrl":"https:\/\/chimiver.com\/wp-content\/uploads\/2024\/03\/LATTA-SOLVENTE-25-INDUSTRIA.jpg","width":640,"height":640},{"@type":"BreadcrumbList","@id":"https:\/\/chimiver.com\/fr\/prodotto\/finitura-uv-r74\/#breadcrumb","itemListElement":[{"@type":"ListItem","position":1,"name":"Home","item":"https:\/\/chimiver.com\/fr\/"},{"@type":"ListItem","position":2,"name":"Shop","item":"https:\/\/chimiver.com\/?page_id=10"},{"@type":"ListItem","position":3,"name":"FINITURA UV R74"}]},{"@type":"WebSite","@id":"https:\/\/chimiver.com\/fr\/#website","url":"https:\/\/chimiver.com\/fr\/","name":"Chimiver, Your floors partner","description":"Your floors partner","publisher":{"@id":"https:\/\/chimiver.com\/fr\/#organization"},"alternateName":"Chimiver","potentialAction":[{"@type":"SearchAction","target":{"@type":"EntryPoint","urlTemplate":"https:\/\/chimiver.com\/fr\/?s={search_term_string}"},"query-input":{"@type":"PropertyValueSpecification","valueRequired":true,"valueName":"search_term_string"}}],"inLanguage":"fr-FR"},{"@type":"Organization","@id":"https:\/\/chimiver.com\/fr\/#organization","name":"Chimiver","url":"https:\/\/chimiver.com\/fr\/","logo":{"@type":"ImageObject","inLanguage":"fr-FR","@id":"https:\/\/chimiver.com\/fr\/#\/schema\/logo\/image\/","url":"https:\/\/chimiver.com\/wp-content\/uploads\/2022\/06\/Chimiver_500x500.jpg","contentUrl":"https:\/\/chimiver.com\/wp-content\/uploads\/2022\/06\/Chimiver_500x500.jpg","width":500,"height":500,"caption":"Chimiver"},"image":{"@id":"https:\/\/chimiver.com\/fr\/#\/schema\/logo\/image\/"},"sameAs":["https:\/\/www.facebook.com\/chimiver"]}]}},"_links":{"self":[{"href":"https:\/\/chimiver.com\/fr\/wp-json\/wp\/v2\/product\/22889","targetHints":{"allow":["GET"]}}],"collection":[{"href":"https:\/\/chimiver.com\/fr\/wp-json\/wp\/v2\/product"}],"about":[{"href":"https:\/\/chimiver.com\/fr\/wp-json\/wp\/v2\/types\/product"}],"replies":[{"embeddable":true,"href":"https:\/\/chimiver.com\/fr\/wp-json\/wp\/v2\/comments?post=22889"}],"wp:featuredmedia":[{"embeddable":true,"href":"https:\/\/chimiver.com\/fr\/wp-json\/wp\/v2\/media\/18262"}],"wp:attachment":[{"href":"https:\/\/chimiver.com\/fr\/wp-json\/wp\/v2\/media?parent=22889"}],"wp:term":[{"taxonomy":"product_brand","embeddable":true,"href":"https:\/\/chimiver.com\/fr\/wp-json\/wp\/v2\/product_brand?post=22889"},{"taxonomy":"product_cat","embeddable":true,"href":"https:\/\/chimiver.com\/fr\/wp-json\/wp\/v2\/product_cat?post=22889"},{"taxonomy":"product_tag","embeddable":true,"href":"https:\/\/chimiver.com\/fr\/wp-json\/wp\/v2\/product_tag?post=22889"}],"curies":[{"name":"wp","href":"https:\/\/api.w.org\/{rel}","templated":true}]}}