{"id":23684,"date":"2025-10-06T13:57:55","date_gmt":"2025-10-06T11:57:55","guid":{"rendered":"https:\/\/chimiver.com\/?post_type=product&#038;p=23684"},"modified":"2025-10-06T14:20:30","modified_gmt":"2025-10-06T12:20:30","slug":"adesiver-hard-elastic","status":"publish","type":"product","link":"https:\/\/chimiver.com\/fr\/prodotto\/adesiver-hard-elastic\/","title":{"rendered":"ADESIVER HARD ELASTIC"},"content":{"rendered":"<p>Adh\u00e9sif monocomposant \u00e9lastique \u00e0 base de prepolym\u00e8res \u00e0 extr\u00e9mit\u00e9 silanique (technologie MS). L&rsquo;adh\u00e9sif est class\u00e9 \u00ab\u00a0HARD ELASTIC\u00a0\u00bb selon ISO 17178. Il durcit avec l&rsquo;humidit\u00e9 atmosph\u00e9rique. Il est sp\u00e9cialement indiqu\u00e9 pour coller le parquet en bois massif sur des sols pr\u00e9existants comme le marbre, le gr\u00e8s, la c\u00e9ramique, les carreaux de marbre, etc. Excellent pour coller le parquet sur les couchis avec chauffage et rafra\u00eechissantes radiant. ADESIVER HARD ELASTIC poss\u00e8de de tr\u00e8s bonnes caract\u00e9ristiques pour l&rsquo;isolation acoustique.<\/p>\n","protected":false},"excerpt":{"rendered":"Adh\u00e9sif monocomposant bas\u00e9 sur des polym\u00e8res \u00e0 terminaison silanique (MS Technology)","protected":false},"featured_media":23650,"comment_status":"open","ping_status":"closed","template":"","meta":{"_acf_changed":false,"inline_featured_image":false},"product_brand":[],"product_cat":[739,742],"product_tag":[],"class_list":{"0":"post-23684","1":"product","2":"type-product","3":"status-publish","4":"has-post-thumbnail","6":"product_cat-parquet-fr","7":"product_cat-adhesifs-ms-polymere","9":"first","10":"instock","11":"shipping-taxable","12":"product-type-simple","13":"add-to-wishlist-after_add_to_cart"},"acf":[],"yoast_head":"<!-- This site is optimized with the Yoast SEO plugin v26.2 - https:\/\/yoast.com\/wordpress\/plugins\/seo\/ -->\n<title>Adh\u00e9sif pour parquet - ADESIVER HARD ELASTIC<\/title>\n<meta name=\"description\" content=\"D\u00e9couvrez ADESIVER HARD ELASTIC. Colle monocomposant \u00e0 base de silane, hypoallerg\u00e9nique, pour le collage des parquets en bois massif et pr\u00e9finis.\" \/>\n<meta name=\"robots\" content=\"index, follow, max-snippet:-1, max-image-preview:large, max-video-preview:-1\" \/>\n<link rel=\"canonical\" href=\"https:\/\/chimiver.com\/fr\/prodotto\/adesiver-hard-elastic\/\" \/>\n<meta property=\"og:locale\" content=\"fr_FR\" \/>\n<meta property=\"og:type\" content=\"article\" \/>\n<meta property=\"og:title\" content=\"Adh\u00e9sif pour parquet - ADESIVER HARD ELASTIC\" \/>\n<meta property=\"og:description\" content=\"D\u00e9couvrez ADESIVER HARD ELASTIC. Colle monocomposant \u00e0 base de silane, hypoallerg\u00e9nique, pour le collage des parquets en bois massif et pr\u00e9finis.\" \/>\n<meta property=\"og:url\" content=\"https:\/\/chimiver.com\/fr\/prodotto\/adesiver-hard-elastic\/\" \/>\n<meta property=\"og:site_name\" content=\"Chimiver\" \/>\n<meta property=\"article:publisher\" content=\"https:\/\/www.facebook.com\/chimiver\" \/>\n<meta property=\"article:modified_time\" content=\"2025-10-06T12:20:30+00:00\" \/>\n<meta property=\"og:image\" content=\"https:\/\/chimiver.com\/wp-content\/uploads\/2025\/10\/Adesiver-Hard-Elastic.jpg\" \/>\n\t<meta property=\"og:image:width\" content=\"640\" \/>\n\t<meta property=\"og:image:height\" content=\"640\" \/>\n\t<meta property=\"og:image:type\" content=\"image\/jpeg\" \/>\n<meta name=\"twitter:card\" content=\"summary_large_image\" \/>\n<meta name=\"twitter:label1\" content=\"Dur\u00e9e de lecture estim\u00e9e\" \/>\n\t<meta name=\"twitter:data1\" content=\"1 minute\" \/>\n<script type=\"application\/ld+json\" class=\"yoast-schema-graph\">{\"@context\":\"https:\/\/schema.org\",\"@graph\":[{\"@type\":\"WebPage\",\"@id\":\"https:\/\/chimiver.com\/fr\/prodotto\/adesiver-hard-elastic\/\",\"url\":\"https:\/\/chimiver.com\/fr\/prodotto\/adesiver-hard-elastic\/\",\"name\":\"Adh\u00e9sif pour parquet - ADESIVER HARD ELASTIC\",\"isPartOf\":{\"@id\":\"https:\/\/chimiver.com\/fr\/#website\"},\"primaryImageOfPage\":{\"@id\":\"https:\/\/chimiver.com\/fr\/prodotto\/adesiver-hard-elastic\/#primaryimage\"},\"image\":{\"@id\":\"https:\/\/chimiver.com\/fr\/prodotto\/adesiver-hard-elastic\/#primaryimage\"},\"thumbnailUrl\":\"https:\/\/chimiver.com\/wp-content\/uploads\/2025\/10\/Adesiver-Hard-Elastic.jpg\",\"datePublished\":\"2025-10-06T11:57:55+00:00\",\"dateModified\":\"2025-10-06T12:20:30+00:00\",\"description\":\"D\u00e9couvrez ADESIVER HARD ELASTIC. Colle monocomposant \u00e0 base de silane, hypoallerg\u00e9nique, pour le collage des parquets en bois massif et pr\u00e9finis.\",\"breadcrumb\":{\"@id\":\"https:\/\/chimiver.com\/fr\/prodotto\/adesiver-hard-elastic\/#breadcrumb\"},\"inLanguage\":\"fr-FR\",\"potentialAction\":[{\"@type\":\"ReadAction\",\"target\":[\"https:\/\/chimiver.com\/fr\/prodotto\/adesiver-hard-elastic\/\"]}]},{\"@type\":\"ImageObject\",\"inLanguage\":\"fr-FR\",\"@id\":\"https:\/\/chimiver.com\/fr\/prodotto\/adesiver-hard-elastic\/#primaryimage\",\"url\":\"https:\/\/chimiver.com\/wp-content\/uploads\/2025\/10\/Adesiver-Hard-Elastic.jpg\",\"contentUrl\":\"https:\/\/chimiver.com\/wp-content\/uploads\/2025\/10\/Adesiver-Hard-Elastic.jpg\",\"width\":640,\"height\":640},{\"@type\":\"BreadcrumbList\",\"@id\":\"https:\/\/chimiver.com\/fr\/prodotto\/adesiver-hard-elastic\/#breadcrumb\",\"itemListElement\":[{\"@type\":\"ListItem\",\"position\":1,\"name\":\"Home\",\"item\":\"https:\/\/chimiver.com\/fr\/\"},{\"@type\":\"ListItem\",\"position\":2,\"name\":\"Shop\",\"item\":\"https:\/\/chimiver.com\/?page_id=10\"},{\"@type\":\"ListItem\",\"position\":3,\"name\":\"ADESIVER HARD ELASTIC\"}]},{\"@type\":\"WebSite\",\"@id\":\"https:\/\/chimiver.com\/fr\/#website\",\"url\":\"https:\/\/chimiver.com\/fr\/\",\"name\":\"Chimiver, Your floors partner\",\"description\":\"Your floors partner\",\"publisher\":{\"@id\":\"https:\/\/chimiver.com\/fr\/#organization\"},\"alternateName\":\"Chimiver\",\"potentialAction\":[{\"@type\":\"SearchAction\",\"target\":{\"@type\":\"EntryPoint\",\"urlTemplate\":\"https:\/\/chimiver.com\/fr\/?s={search_term_string}\"},\"query-input\":{\"@type\":\"PropertyValueSpecification\",\"valueRequired\":true,\"valueName\":\"search_term_string\"}}],\"inLanguage\":\"fr-FR\"},{\"@type\":\"Organization\",\"@id\":\"https:\/\/chimiver.com\/fr\/#organization\",\"name\":\"Chimiver\",\"url\":\"https:\/\/chimiver.com\/fr\/\",\"logo\":{\"@type\":\"ImageObject\",\"inLanguage\":\"fr-FR\",\"@id\":\"https:\/\/chimiver.com\/fr\/#\/schema\/logo\/image\/\",\"url\":\"https:\/\/chimiver.com\/wp-content\/uploads\/2022\/06\/Chimiver_500x500.jpg\",\"contentUrl\":\"https:\/\/chimiver.com\/wp-content\/uploads\/2022\/06\/Chimiver_500x500.jpg\",\"width\":500,\"height\":500,\"caption\":\"Chimiver\"},\"image\":{\"@id\":\"https:\/\/chimiver.com\/fr\/#\/schema\/logo\/image\/\"},\"sameAs\":[\"https:\/\/www.facebook.com\/chimiver\"]}]}<\/script>\n<!-- \/ Yoast SEO plugin. -->","yoast_head_json":{"title":"Adh\u00e9sif pour parquet - ADESIVER HARD ELASTIC","description":"D\u00e9couvrez ADESIVER HARD ELASTIC. Colle monocomposant \u00e0 base de silane, hypoallerg\u00e9nique, pour le collage des parquets en bois massif et pr\u00e9finis.","robots":{"index":"index","follow":"follow","max-snippet":"max-snippet:-1","max-image-preview":"max-image-preview:large","max-video-preview":"max-video-preview:-1"},"canonical":"https:\/\/chimiver.com\/fr\/prodotto\/adesiver-hard-elastic\/","og_locale":"fr_FR","og_type":"article","og_title":"Adh\u00e9sif pour parquet - ADESIVER HARD ELASTIC","og_description":"D\u00e9couvrez ADESIVER HARD ELASTIC. Colle monocomposant \u00e0 base de silane, hypoallerg\u00e9nique, pour le collage des parquets en bois massif et pr\u00e9finis.","og_url":"https:\/\/chimiver.com\/fr\/prodotto\/adesiver-hard-elastic\/","og_site_name":"Chimiver","article_publisher":"https:\/\/www.facebook.com\/chimiver","article_modified_time":"2025-10-06T12:20:30+00:00","og_image":[{"width":640,"height":640,"url":"https:\/\/chimiver.com\/wp-content\/uploads\/2025\/10\/Adesiver-Hard-Elastic.jpg","type":"image\/jpeg"}],"twitter_card":"summary_large_image","twitter_misc":{"Dur\u00e9e de lecture estim\u00e9e":"1 minute"},"schema":{"@context":"https:\/\/schema.org","@graph":[{"@type":"WebPage","@id":"https:\/\/chimiver.com\/fr\/prodotto\/adesiver-hard-elastic\/","url":"https:\/\/chimiver.com\/fr\/prodotto\/adesiver-hard-elastic\/","name":"Adh\u00e9sif pour parquet - ADESIVER HARD ELASTIC","isPartOf":{"@id":"https:\/\/chimiver.com\/fr\/#website"},"primaryImageOfPage":{"@id":"https:\/\/chimiver.com\/fr\/prodotto\/adesiver-hard-elastic\/#primaryimage"},"image":{"@id":"https:\/\/chimiver.com\/fr\/prodotto\/adesiver-hard-elastic\/#primaryimage"},"thumbnailUrl":"https:\/\/chimiver.com\/wp-content\/uploads\/2025\/10\/Adesiver-Hard-Elastic.jpg","datePublished":"2025-10-06T11:57:55+00:00","dateModified":"2025-10-06T12:20:30+00:00","description":"D\u00e9couvrez ADESIVER HARD ELASTIC. Colle monocomposant \u00e0 base de silane, hypoallerg\u00e9nique, pour le collage des parquets en bois massif et pr\u00e9finis.","breadcrumb":{"@id":"https:\/\/chimiver.com\/fr\/prodotto\/adesiver-hard-elastic\/#breadcrumb"},"inLanguage":"fr-FR","potentialAction":[{"@type":"ReadAction","target":["https:\/\/chimiver.com\/fr\/prodotto\/adesiver-hard-elastic\/"]}]},{"@type":"ImageObject","inLanguage":"fr-FR","@id":"https:\/\/chimiver.com\/fr\/prodotto\/adesiver-hard-elastic\/#primaryimage","url":"https:\/\/chimiver.com\/wp-content\/uploads\/2025\/10\/Adesiver-Hard-Elastic.jpg","contentUrl":"https:\/\/chimiver.com\/wp-content\/uploads\/2025\/10\/Adesiver-Hard-Elastic.jpg","width":640,"height":640},{"@type":"BreadcrumbList","@id":"https:\/\/chimiver.com\/fr\/prodotto\/adesiver-hard-elastic\/#breadcrumb","itemListElement":[{"@type":"ListItem","position":1,"name":"Home","item":"https:\/\/chimiver.com\/fr\/"},{"@type":"ListItem","position":2,"name":"Shop","item":"https:\/\/chimiver.com\/?page_id=10"},{"@type":"ListItem","position":3,"name":"ADESIVER HARD ELASTIC"}]},{"@type":"WebSite","@id":"https:\/\/chimiver.com\/fr\/#website","url":"https:\/\/chimiver.com\/fr\/","name":"Chimiver, Your floors partner","description":"Your floors partner","publisher":{"@id":"https:\/\/chimiver.com\/fr\/#organization"},"alternateName":"Chimiver","potentialAction":[{"@type":"SearchAction","target":{"@type":"EntryPoint","urlTemplate":"https:\/\/chimiver.com\/fr\/?s={search_term_string}"},"query-input":{"@type":"PropertyValueSpecification","valueRequired":true,"valueName":"search_term_string"}}],"inLanguage":"fr-FR"},{"@type":"Organization","@id":"https:\/\/chimiver.com\/fr\/#organization","name":"Chimiver","url":"https:\/\/chimiver.com\/fr\/","logo":{"@type":"ImageObject","inLanguage":"fr-FR","@id":"https:\/\/chimiver.com\/fr\/#\/schema\/logo\/image\/","url":"https:\/\/chimiver.com\/wp-content\/uploads\/2022\/06\/Chimiver_500x500.jpg","contentUrl":"https:\/\/chimiver.com\/wp-content\/uploads\/2022\/06\/Chimiver_500x500.jpg","width":500,"height":500,"caption":"Chimiver"},"image":{"@id":"https:\/\/chimiver.com\/fr\/#\/schema\/logo\/image\/"},"sameAs":["https:\/\/www.facebook.com\/chimiver"]}]}},"_links":{"self":[{"href":"https:\/\/chimiver.com\/fr\/wp-json\/wp\/v2\/product\/23684","targetHints":{"allow":["GET"]}}],"collection":[{"href":"https:\/\/chimiver.com\/fr\/wp-json\/wp\/v2\/product"}],"about":[{"href":"https:\/\/chimiver.com\/fr\/wp-json\/wp\/v2\/types\/product"}],"replies":[{"embeddable":true,"href":"https:\/\/chimiver.com\/fr\/wp-json\/wp\/v2\/comments?post=23684"}],"wp:featuredmedia":[{"embeddable":true,"href":"https:\/\/chimiver.com\/fr\/wp-json\/wp\/v2\/media\/23650"}],"wp:attachment":[{"href":"https:\/\/chimiver.com\/fr\/wp-json\/wp\/v2\/media?parent=23684"}],"wp:term":[{"taxonomy":"product_brand","embeddable":true,"href":"https:\/\/chimiver.com\/fr\/wp-json\/wp\/v2\/product_brand?post=23684"},{"taxonomy":"product_cat","embeddable":true,"href":"https:\/\/chimiver.com\/fr\/wp-json\/wp\/v2\/product_cat?post=23684"},{"taxonomy":"product_tag","embeddable":true,"href":"https:\/\/chimiver.com\/fr\/wp-json\/wp\/v2\/product_tag?post=23684"}],"curies":[{"name":"wp","href":"https:\/\/api.w.org\/{rel}","templated":true}]}}