{"id":23767,"date":"2025-10-07T13:36:19","date_gmt":"2025-10-07T11:36:19","guid":{"rendered":"https:\/\/chimiver.com\/prodotto\/rasochim-pro\/"},"modified":"2026-04-10T15:42:29","modified_gmt":"2026-04-10T13:42:29","slug":"rasochim-pro","status":"publish","type":"product","link":"https:\/\/chimiver.com\/fr\/prodotto\/rasochim-pro\/","title":{"rendered":"RASOCHIM PRO"},"content":{"rendered":"<p>Compos\u00e9 cimentaire autonivelant en poudre pr\u00e9m\u00e9lang\u00e9, formul\u00e9 avec des liants hydrauliques haute performance, des granulats min\u00e9raux \u00e0 granulom\u00e9trie contr\u00f4l\u00e9e, des additifs organiques sp\u00e9cifiques et des fibres synth\u00e9tiques structurelles. Une fois m\u00e9lang\u00e9 \u00e0 l&rsquo;eau, le mat\u00e9riau d\u00e9veloppe une grande fluidit\u00e9 et des propri\u00e9t\u00e9s d&rsquo;auto-nivellement, adapt\u00e9 \u00e0 une application manuelle ou m\u00e9canis\u00e9e \u00e0 l&rsquo;aide de pompes \u00e0 vis pour enduits, avec des \u00e9paisseurs de pose allant de 0 \u00e0 20 mm.<\/p>\n","protected":false},"excerpt":{"rendered":"Autonivelant \u00e0 base de ciment \u00e0 prise rapide pour le ragr\u00e9age de supports de 0 \u00e0 20 mm d&rsquo;\u00e9paisseur","protected":false},"featured_media":23714,"comment_status":"open","ping_status":"closed","template":"","meta":{"_acf_changed":false,"inline_featured_image":false},"product_brand":[],"product_cat":[738,771,774,775],"product_tag":[],"class_list":{"0":"post-23767","1":"product","2":"type-product","3":"status-publish","4":"has-post-thumbnail","6":"product_cat-professionnels","7":"product_cat-substrats","8":"product_cat-preparation-de-chapes","9":"product_cat-parquet-resilients","11":"first","12":"instock","13":"shipping-taxable","14":"product-type-simple","15":"add-to-wishlist-after_add_to_cart"},"acf":[],"yoast_head":"<!-- This site is optimized with the Yoast SEO plugin v26.2 - https:\/\/yoast.com\/wordpress\/plugins\/seo\/ -->\n<title>Autonivelant \u00e0 base de ciment - RASOCHIM PRO<\/title>\n<meta name=\"description\" content=\"D\u00e9couvrez RASOCHIM PRO . Autonivelant \u00e0 base de ciment \u00e0 prise rapide pour le ragr\u00e9age de supportsde 0 \u00e0 20 mm d&#039;\u00e9paisseur.\" \/>\n<meta name=\"robots\" content=\"index, follow, max-snippet:-1, max-image-preview:large, max-video-preview:-1\" \/>\n<link rel=\"canonical\" href=\"https:\/\/chimiver.com\/fr\/prodotto\/rasochim-pro\/\" \/>\n<meta property=\"og:locale\" content=\"fr_FR\" \/>\n<meta property=\"og:type\" content=\"article\" \/>\n<meta property=\"og:title\" content=\"Autonivelant \u00e0 base de ciment - RASOCHIM PRO\" \/>\n<meta property=\"og:description\" content=\"D\u00e9couvrez RASOCHIM PRO . Autonivelant \u00e0 base de ciment \u00e0 prise rapide pour le ragr\u00e9age de supportsde 0 \u00e0 20 mm d&#039;\u00e9paisseur.\" \/>\n<meta property=\"og:url\" content=\"https:\/\/chimiver.com\/fr\/prodotto\/rasochim-pro\/\" \/>\n<meta property=\"og:site_name\" content=\"Chimiver\" \/>\n<meta property=\"article:publisher\" content=\"https:\/\/www.facebook.com\/chimiver\" \/>\n<meta property=\"article:modified_time\" content=\"2026-04-10T13:42:29+00:00\" \/>\n<meta property=\"og:image\" content=\"https:\/\/chimiver.com\/wp-content\/uploads\/2025\/10\/rasochim-PRO-0_20.jpg\" \/>\n\t<meta property=\"og:image:width\" content=\"640\" \/>\n\t<meta property=\"og:image:height\" content=\"640\" \/>\n\t<meta property=\"og:image:type\" content=\"image\/jpeg\" \/>\n<meta name=\"twitter:card\" content=\"summary_large_image\" \/>\n<meta name=\"twitter:label1\" content=\"Dur\u00e9e de lecture estim\u00e9e\" \/>\n\t<meta name=\"twitter:data1\" content=\"1 minute\" \/>\n<script type=\"application\/ld+json\" class=\"yoast-schema-graph\">{\"@context\":\"https:\/\/schema.org\",\"@graph\":[{\"@type\":\"WebPage\",\"@id\":\"https:\/\/chimiver.com\/fr\/prodotto\/rasochim-pro\/\",\"url\":\"https:\/\/chimiver.com\/fr\/prodotto\/rasochim-pro\/\",\"name\":\"Autonivelant \u00e0 base de ciment - RASOCHIM PRO\",\"isPartOf\":{\"@id\":\"https:\/\/chimiver.com\/fr\/#website\"},\"primaryImageOfPage\":{\"@id\":\"https:\/\/chimiver.com\/fr\/prodotto\/rasochim-pro\/#primaryimage\"},\"image\":{\"@id\":\"https:\/\/chimiver.com\/fr\/prodotto\/rasochim-pro\/#primaryimage\"},\"thumbnailUrl\":\"https:\/\/chimiver.com\/wp-content\/uploads\/2025\/10\/rasochim-PRO-0_20.jpg\",\"datePublished\":\"2025-10-07T11:36:19+00:00\",\"dateModified\":\"2026-04-10T13:42:29+00:00\",\"description\":\"D\u00e9couvrez RASOCHIM PRO . Autonivelant \u00e0 base de ciment \u00e0 prise rapide pour le ragr\u00e9age de supportsde 0 \u00e0 20 mm d'\u00e9paisseur.\",\"breadcrumb\":{\"@id\":\"https:\/\/chimiver.com\/fr\/prodotto\/rasochim-pro\/#breadcrumb\"},\"inLanguage\":\"fr-FR\",\"potentialAction\":[{\"@type\":\"ReadAction\",\"target\":[\"https:\/\/chimiver.com\/fr\/prodotto\/rasochim-pro\/\"]}]},{\"@type\":\"ImageObject\",\"inLanguage\":\"fr-FR\",\"@id\":\"https:\/\/chimiver.com\/fr\/prodotto\/rasochim-pro\/#primaryimage\",\"url\":\"https:\/\/chimiver.com\/wp-content\/uploads\/2025\/10\/rasochim-PRO-0_20.jpg\",\"contentUrl\":\"https:\/\/chimiver.com\/wp-content\/uploads\/2025\/10\/rasochim-PRO-0_20.jpg\",\"width\":640,\"height\":640,\"caption\":\"Created with GIMP\"},{\"@type\":\"BreadcrumbList\",\"@id\":\"https:\/\/chimiver.com\/fr\/prodotto\/rasochim-pro\/#breadcrumb\",\"itemListElement\":[{\"@type\":\"ListItem\",\"position\":1,\"name\":\"Home\",\"item\":\"https:\/\/chimiver.com\/fr\/\"},{\"@type\":\"ListItem\",\"position\":2,\"name\":\"Shop\",\"item\":\"https:\/\/chimiver.com\/?page_id=10\"},{\"@type\":\"ListItem\",\"position\":3,\"name\":\"RASOCHIM PRO\"}]},{\"@type\":\"WebSite\",\"@id\":\"https:\/\/chimiver.com\/fr\/#website\",\"url\":\"https:\/\/chimiver.com\/fr\/\",\"name\":\"Chimiver, Your floors partner\",\"description\":\"Your floors partner\",\"publisher\":{\"@id\":\"https:\/\/chimiver.com\/fr\/#organization\"},\"alternateName\":\"Chimiver\",\"potentialAction\":[{\"@type\":\"SearchAction\",\"target\":{\"@type\":\"EntryPoint\",\"urlTemplate\":\"https:\/\/chimiver.com\/fr\/?s={search_term_string}\"},\"query-input\":{\"@type\":\"PropertyValueSpecification\",\"valueRequired\":true,\"valueName\":\"search_term_string\"}}],\"inLanguage\":\"fr-FR\"},{\"@type\":\"Organization\",\"@id\":\"https:\/\/chimiver.com\/fr\/#organization\",\"name\":\"Chimiver\",\"url\":\"https:\/\/chimiver.com\/fr\/\",\"logo\":{\"@type\":\"ImageObject\",\"inLanguage\":\"fr-FR\",\"@id\":\"https:\/\/chimiver.com\/fr\/#\/schema\/logo\/image\/\",\"url\":\"https:\/\/chimiver.com\/wp-content\/uploads\/2022\/06\/Chimiver_500x500.jpg\",\"contentUrl\":\"https:\/\/chimiver.com\/wp-content\/uploads\/2022\/06\/Chimiver_500x500.jpg\",\"width\":500,\"height\":500,\"caption\":\"Chimiver\"},\"image\":{\"@id\":\"https:\/\/chimiver.com\/fr\/#\/schema\/logo\/image\/\"},\"sameAs\":[\"https:\/\/www.facebook.com\/chimiver\"]}]}<\/script>\n<!-- \/ Yoast SEO plugin. -->","yoast_head_json":{"title":"Autonivelant \u00e0 base de ciment - RASOCHIM PRO","description":"D\u00e9couvrez RASOCHIM PRO . Autonivelant \u00e0 base de ciment \u00e0 prise rapide pour le ragr\u00e9age de supportsde 0 \u00e0 20 mm d'\u00e9paisseur.","robots":{"index":"index","follow":"follow","max-snippet":"max-snippet:-1","max-image-preview":"max-image-preview:large","max-video-preview":"max-video-preview:-1"},"canonical":"https:\/\/chimiver.com\/fr\/prodotto\/rasochim-pro\/","og_locale":"fr_FR","og_type":"article","og_title":"Autonivelant \u00e0 base de ciment - RASOCHIM PRO","og_description":"D\u00e9couvrez RASOCHIM PRO . Autonivelant \u00e0 base de ciment \u00e0 prise rapide pour le ragr\u00e9age de supportsde 0 \u00e0 20 mm d'\u00e9paisseur.","og_url":"https:\/\/chimiver.com\/fr\/prodotto\/rasochim-pro\/","og_site_name":"Chimiver","article_publisher":"https:\/\/www.facebook.com\/chimiver","article_modified_time":"2026-04-10T13:42:29+00:00","og_image":[{"width":640,"height":640,"url":"https:\/\/chimiver.com\/wp-content\/uploads\/2025\/10\/rasochim-PRO-0_20.jpg","type":"image\/jpeg"}],"twitter_card":"summary_large_image","twitter_misc":{"Dur\u00e9e de lecture estim\u00e9e":"1 minute"},"schema":{"@context":"https:\/\/schema.org","@graph":[{"@type":"WebPage","@id":"https:\/\/chimiver.com\/fr\/prodotto\/rasochim-pro\/","url":"https:\/\/chimiver.com\/fr\/prodotto\/rasochim-pro\/","name":"Autonivelant \u00e0 base de ciment - RASOCHIM PRO","isPartOf":{"@id":"https:\/\/chimiver.com\/fr\/#website"},"primaryImageOfPage":{"@id":"https:\/\/chimiver.com\/fr\/prodotto\/rasochim-pro\/#primaryimage"},"image":{"@id":"https:\/\/chimiver.com\/fr\/prodotto\/rasochim-pro\/#primaryimage"},"thumbnailUrl":"https:\/\/chimiver.com\/wp-content\/uploads\/2025\/10\/rasochim-PRO-0_20.jpg","datePublished":"2025-10-07T11:36:19+00:00","dateModified":"2026-04-10T13:42:29+00:00","description":"D\u00e9couvrez RASOCHIM PRO . Autonivelant \u00e0 base de ciment \u00e0 prise rapide pour le ragr\u00e9age de supportsde 0 \u00e0 20 mm d'\u00e9paisseur.","breadcrumb":{"@id":"https:\/\/chimiver.com\/fr\/prodotto\/rasochim-pro\/#breadcrumb"},"inLanguage":"fr-FR","potentialAction":[{"@type":"ReadAction","target":["https:\/\/chimiver.com\/fr\/prodotto\/rasochim-pro\/"]}]},{"@type":"ImageObject","inLanguage":"fr-FR","@id":"https:\/\/chimiver.com\/fr\/prodotto\/rasochim-pro\/#primaryimage","url":"https:\/\/chimiver.com\/wp-content\/uploads\/2025\/10\/rasochim-PRO-0_20.jpg","contentUrl":"https:\/\/chimiver.com\/wp-content\/uploads\/2025\/10\/rasochim-PRO-0_20.jpg","width":640,"height":640,"caption":"Created with GIMP"},{"@type":"BreadcrumbList","@id":"https:\/\/chimiver.com\/fr\/prodotto\/rasochim-pro\/#breadcrumb","itemListElement":[{"@type":"ListItem","position":1,"name":"Home","item":"https:\/\/chimiver.com\/fr\/"},{"@type":"ListItem","position":2,"name":"Shop","item":"https:\/\/chimiver.com\/?page_id=10"},{"@type":"ListItem","position":3,"name":"RASOCHIM PRO"}]},{"@type":"WebSite","@id":"https:\/\/chimiver.com\/fr\/#website","url":"https:\/\/chimiver.com\/fr\/","name":"Chimiver, Your floors partner","description":"Your floors partner","publisher":{"@id":"https:\/\/chimiver.com\/fr\/#organization"},"alternateName":"Chimiver","potentialAction":[{"@type":"SearchAction","target":{"@type":"EntryPoint","urlTemplate":"https:\/\/chimiver.com\/fr\/?s={search_term_string}"},"query-input":{"@type":"PropertyValueSpecification","valueRequired":true,"valueName":"search_term_string"}}],"inLanguage":"fr-FR"},{"@type":"Organization","@id":"https:\/\/chimiver.com\/fr\/#organization","name":"Chimiver","url":"https:\/\/chimiver.com\/fr\/","logo":{"@type":"ImageObject","inLanguage":"fr-FR","@id":"https:\/\/chimiver.com\/fr\/#\/schema\/logo\/image\/","url":"https:\/\/chimiver.com\/wp-content\/uploads\/2022\/06\/Chimiver_500x500.jpg","contentUrl":"https:\/\/chimiver.com\/wp-content\/uploads\/2022\/06\/Chimiver_500x500.jpg","width":500,"height":500,"caption":"Chimiver"},"image":{"@id":"https:\/\/chimiver.com\/fr\/#\/schema\/logo\/image\/"},"sameAs":["https:\/\/www.facebook.com\/chimiver"]}]}},"_links":{"self":[{"href":"https:\/\/chimiver.com\/fr\/wp-json\/wp\/v2\/product\/23767","targetHints":{"allow":["GET"]}}],"collection":[{"href":"https:\/\/chimiver.com\/fr\/wp-json\/wp\/v2\/product"}],"about":[{"href":"https:\/\/chimiver.com\/fr\/wp-json\/wp\/v2\/types\/product"}],"replies":[{"embeddable":true,"href":"https:\/\/chimiver.com\/fr\/wp-json\/wp\/v2\/comments?post=23767"}],"wp:featuredmedia":[{"embeddable":true,"href":"https:\/\/chimiver.com\/fr\/wp-json\/wp\/v2\/media\/23714"}],"wp:attachment":[{"href":"https:\/\/chimiver.com\/fr\/wp-json\/wp\/v2\/media?parent=23767"}],"wp:term":[{"taxonomy":"product_brand","embeddable":true,"href":"https:\/\/chimiver.com\/fr\/wp-json\/wp\/v2\/product_brand?post=23767"},{"taxonomy":"product_cat","embeddable":true,"href":"https:\/\/chimiver.com\/fr\/wp-json\/wp\/v2\/product_cat?post=23767"},{"taxonomy":"product_tag","embeddable":true,"href":"https:\/\/chimiver.com\/fr\/wp-json\/wp\/v2\/product_tag?post=23767"}],"curies":[{"name":"wp","href":"https:\/\/api.w.org\/{rel}","templated":true}]}}